{"id":457,"date":"2023-12-06T19:08:13","date_gmt":"2023-12-06T19:08:13","guid":{"rendered":"https:\/\/coudelaria.com\/?post_type=product&#038;p=457"},"modified":"2025-11-16T20:28:52","modified_gmt":"2025-11-16T20:28:52","slug":"tokara-sunglasses","status":"publish","type":"product","link":"https:\/\/coudelaria.com\/pt\/product\/tokara-sunglasses\/","title":{"rendered":"\u00d3culos de Sol Tokara"},"content":{"rendered":"<p><strong>Apresentamos os \u00d3culos de Sol Tokara da Coudelaria Clothing.<\/strong><\/p>\n<p class=\"translation-block\">Uma mistura perfeita de eleg\u00e2ncia e artesanato superior. Estes \u00f3culos de sol s\u00e3o meticulosamente <strong>feitos \u00e0 m\u00e3o em Portugal<\/strong> usando <strong>acetato italiano de alta qualidade<\/strong> e <strong>lentes italianas premium<\/strong>, garantindo tanto estilo quanto durabilidade. Cada par \u00e9 nomeado em homenagem a uma ra\u00e7a de cavalo em perigo de extin\u00e7\u00e3o, com este modelo homenageando a ra\u00e7a Tokara.<\/p>\n<p class=\"translation-block\">Os \u00d3culos de Sol Tokara v\u00eam com um <strong>luxuoso estojo de couro<\/strong> com um <strong>interior suave de Alcantara<\/strong>, proporcionando a combina\u00e7\u00e3o perfeita de prote\u00e7\u00e3o e eleg\u00e2ncia. Quer se vista para um evento formal ou adicione um toque de sofistica\u00e7\u00e3o ao seu look casual, estes \u00f3culos de sol s\u00e3o projetados para real\u00e7ar o seu estilo.<\/p>\n<p>Experimente a combina\u00e7\u00e3o de luxo, design intemporal e artesanato especializado com os \u00d3culos de Sol Tokara da Coudelaria Clothing, e apoie a sensibiliza\u00e7\u00e3o para as ra\u00e7as de cavalos em perigo de extin\u00e7\u00e3o.<\/p>\n<p class=\"translation-block\"><strong>Materiais<\/strong>: Acetato italiano de alta qualidade com lentes italianas.<\/p>\n<p class=\"translation-block\"><strong>Detalhes de design<\/strong>: Vem com um estojo de couro com interior de Alcantara. Feitas \u00e0 m\u00e3o em Portugal. Nomeadas em homenagem \u00e0 ra\u00e7a de cavalos Tokara, que est\u00e1 em risco de extin\u00e7\u00e3o.<\/p>\n<p class=\"translation-block\"><strong>Uso<\/strong>: Casual \/ Formal \/ Chique<\/p>","protected":false},"excerpt":{"rendered":"<p>Saia com estilo com os \u00d3culos de Sol Tokara, fabricados em acetato e lentes italianos premium. V\u00eam com um luxuoso estojo de couro, feitos \u00e0 m\u00e3o em Portugal, e nomeados em homenagem \u00e0 ra\u00e7a de cavalos em perigo de extin\u00e7\u00e3o Tokara.<\/p>","protected":false},"featured_media":955,"comment_status":"open","ping_status":"closed","template":"","meta":{"_acf_changed":false,"_et_pb_use_builder":"","_et_pb_old_content":"","_et_gb_content_width":"","om_disable_all_campaigns":false,"_monsterinsights_skip_tracking":false,"_monsterinsights_sitenote_active":false,"_monsterinsights_sitenote_note":"","_monsterinsights_sitenote_category":0},"product_brand":[],"product_cat":[29,39,30,32],"product_tag":[],"class_list":{"0":"post-457","1":"product","2":"type-product","3":"status-publish","4":"has-post-thumbnail","6":"product_cat-accessories","7":"product_cat-coudelaria","8":"product_cat-sunglasses","9":"product_cat-woman","11":"first","12":"instock","13":"shipping-taxable","14":"purchasable","15":"product-type-simple"},"acf":[],"aioseo_notices":[],"_links":{"self":[{"href":"https:\/\/coudelaria.com\/pt\/wp-json\/wp\/v2\/product\/457","targetHints":{"allow":["GET"]}}],"collection":[{"href":"https:\/\/coudelaria.com\/pt\/wp-json\/wp\/v2\/product"}],"about":[{"href":"https:\/\/coudelaria.com\/pt\/wp-json\/wp\/v2\/types\/product"}],"replies":[{"embeddable":true,"href":"https:\/\/coudelaria.com\/pt\/wp-json\/wp\/v2\/comments?post=457"}],"wp:featuredmedia":[{"embeddable":true,"href":"https:\/\/coudelaria.com\/pt\/wp-json\/wp\/v2\/media\/955"}],"wp:attachment":[{"href":"https:\/\/coudelaria.com\/pt\/wp-json\/wp\/v2\/media?parent=457"}],"wp:term":[{"taxonomy":"product_brand","embeddable":true,"href":"https:\/\/coudelaria.com\/pt\/wp-json\/wp\/v2\/product_brand?post=457"},{"taxonomy":"product_cat","embeddable":true,"href":"https:\/\/coudelaria.com\/pt\/wp-json\/wp\/v2\/product_cat?post=457"},{"taxonomy":"product_tag","embeddable":true,"href":"https:\/\/coudelaria.com\/pt\/wp-json\/wp\/v2\/product_tag?post=457"}],"curies":[{"name":"wp","href":"https:\/\/api.w.org\/{rel}","templated":true}]}}