{"id":448,"date":"2023-12-06T19:03:02","date_gmt":"2023-12-06T19:03:02","guid":{"rendered":"https:\/\/coudelaria.com\/?post_type=product&#038;p=448"},"modified":"2026-03-23T22:47:15","modified_gmt":"2026-03-23T22:47:15","slug":"ferghana-sunglasses","status":"publish","type":"product","link":"https:\/\/coudelaria.com\/pt\/product\/ferghana-sunglasses\/","title":{"rendered":"\u00d3culos de Sol Ferghana"},"content":{"rendered":"<p><strong>Apresentamos os \u00d3culos de Sol Ferghana da Coudelaria Clothing.<\/strong><\/p>\n<p class=\"translation-block\">Uma fus\u00e3o perfeita de eleg\u00e2ncia e artesanato superior. Estes \u00f3culos de sol s\u00e3o meticulosamente <strong>feitos \u00e0 m\u00e3o em Portugal<\/strong> usando <strong>acetato italiano de alta qualidade<\/strong> e <strong>lentes italianas premium<\/strong>, garantindo tanto estilo quanto durabilidade. A arma\u00e7\u00e3o cl\u00e1ssica apresenta um rico acabamento de tartaruga, oferecendo um visual atemporal e sofisticado. Cada par \u00e9 nomeado em homenagem a uma ra\u00e7a de cavalo em perigo de extin\u00e7\u00e3o, com este modelo homenageando a ra\u00e7a Ferghana.<\/p>\n<p class=\"translation-block\">Os \u00d3culos de Sol Ferghana v\u00eam com um <strong>luxuoso estojo de couro<\/strong> com um <strong>interior suave de Alcantara<\/strong>, proporcionando a combina\u00e7\u00e3o perfeita de prote\u00e7\u00e3o e eleg\u00e2ncia. Ideais tanto para ambientes casuais como formais, estes \u00f3culos de sol s\u00e3o projetados para elevar o seu estilo e fazer uma declara\u00e7\u00e3o.<\/p>\n<p>Experimente a mistura de luxo, design intemporal e artesanato especializado com os \u00d3culos de Sol Ferghana da Coudelaria Clothing, e apoie a sensibiliza\u00e7\u00e3o para as ra\u00e7as de cavalos em perigo de extin\u00e7\u00e3o.<\/p>\n<p class=\"translation-block\"><strong>Materiais<\/strong>: Acetato italiano de alta qualidade com lentes italianas.<\/p>\n<p class=\"translation-block\"><strong>Detalhes de design<\/strong>: Design de arma\u00e7\u00e3o cl\u00e1ssica com um rico acabamento de tartaruga. Vem com um estojo de couro com interior de Alcantara. Feitas \u00e0 m\u00e3o em Portugal. Nomeados em homenagem \u00e0 ra\u00e7a de cavalos em perigo de extin\u00e7\u00e3o Ferghana.<\/p>\n<p class=\"translation-block\"><strong>Uso<\/strong>: Casual \/ Formal \/ Chique<\/p>","protected":false},"excerpt":{"rendered":"<p>Eleve o seu visual com os \u00d3culos de Sol Ferghana, feitos de acetato e lentes italianas premium. Feitos \u00e0 m\u00e3o em Portugal com uma cl\u00e1ssica arma\u00e7\u00e3o de tartaruga e um luxuoso estojo de couro, nomeados em homenagem \u00e0 ra\u00e7a de cavalos em perigo de extin\u00e7\u00e3o Ferghana.<\/p>","protected":false},"featured_media":1000,"comment_status":"open","ping_status":"closed","template":"","meta":{"_acf_changed":false,"_et_pb_use_builder":"","_et_pb_old_content":"","_et_gb_content_width":"","om_disable_all_campaigns":false,"_monsterinsights_skip_tracking":false,"_monsterinsights_sitenote_active":false,"_monsterinsights_sitenote_note":"","_monsterinsights_sitenote_category":0},"product_brand":[],"product_cat":[29,39,31,30,32],"product_tag":[],"class_list":{"0":"post-448","1":"product","2":"type-product","3":"status-publish","4":"has-post-thumbnail","6":"product_cat-accessories","7":"product_cat-coudelaria","8":"product_cat-man","9":"product_cat-sunglasses","10":"product_cat-woman","12":"first","13":"instock","14":"shipping-taxable","15":"purchasable","16":"product-type-simple"},"acf":[],"aioseo_notices":[],"_links":{"self":[{"href":"https:\/\/coudelaria.com\/pt\/wp-json\/wp\/v2\/product\/448","targetHints":{"allow":["GET"]}}],"collection":[{"href":"https:\/\/coudelaria.com\/pt\/wp-json\/wp\/v2\/product"}],"about":[{"href":"https:\/\/coudelaria.com\/pt\/wp-json\/wp\/v2\/types\/product"}],"replies":[{"embeddable":true,"href":"https:\/\/coudelaria.com\/pt\/wp-json\/wp\/v2\/comments?post=448"}],"wp:featuredmedia":[{"embeddable":true,"href":"https:\/\/coudelaria.com\/pt\/wp-json\/wp\/v2\/media\/1000"}],"wp:attachment":[{"href":"https:\/\/coudelaria.com\/pt\/wp-json\/wp\/v2\/media?parent=448"}],"wp:term":[{"taxonomy":"product_brand","embeddable":true,"href":"https:\/\/coudelaria.com\/pt\/wp-json\/wp\/v2\/product_brand?post=448"},{"taxonomy":"product_cat","embeddable":true,"href":"https:\/\/coudelaria.com\/pt\/wp-json\/wp\/v2\/product_cat?post=448"},{"taxonomy":"product_tag","embeddable":true,"href":"https:\/\/coudelaria.com\/pt\/wp-json\/wp\/v2\/product_tag?post=448"}],"curies":[{"name":"wp","href":"https:\/\/api.w.org\/{rel}","templated":true}]}}