{"id":1320,"date":"2024-07-12T17:22:25","date_gmt":"2024-07-12T16:22:25","guid":{"rendered":"https:\/\/coudelaria.com\/?post_type=product&#038;p=1320"},"modified":"2025-11-16T20:20:22","modified_gmt":"2025-11-16T20:20:22","slug":"kuishi-leggings-blue-with-columbia-blue","status":"publish","type":"product","link":"https:\/\/coudelaria.com\/pt\/product\/kuishi-leggings-blue-with-columbia-blue\/","title":{"rendered":"Kuishi Leggings \u2013 Azul com Azul-Columbia"},"content":{"rendered":"<p><strong>Apresentamos as Leggings Kuishi da Hackamour.<\/strong><\/p>\n<p class=\"translation-block\">Parte da nossa cole\u00e7\u00e3o b\u00e1sica desenhada para uso intenso e manuten\u00e7\u00e3o f\u00e1cil. Nomeadas pela palavra sua\u00edli para \u201csobreviv\u00eancia,\u201d estas leggings personificam durabilidade e resili\u00eancia. <strong>Feitas em Portugal<\/strong> de uma mistura de 85% poliamida e 15% elastano, oferecem <strong>conforto e flexibilidade excepcionais<\/strong>.<\/p>\n<p class=\"translation-block\">As leggings azuis s\u00e3o acentuadas com vibrantes detalhes em Columbia blue e apresentam a nossa <strong>inovadora tecnologia de ader\u00eancia segura<\/strong>, com pontos de ader\u00eancia estrategicamente colocados nos pontos de contacto com a sela para melhorar o desempenho e o conforto do cavaleiro. As caracter\u00edsticas pr\u00e1ticas adicionais incluem um bolso traseiro com fecho e um bolso lateral el\u00e1stico para armazenamento seguro do telem\u00f3vel, garantindo funcionalidade sem comprometer o estilo.<\/p>\n<p>Perfeitas para treinos e uso regular, as Leggings Kuishi combinam um design elegante com funcionalidade superior, tornando-as uma adi\u00e7\u00e3o essencial ao guarda-roupa de qualquer cavaleiro.<\/p>\n<p class=\"translation-block\"><strong>Materiais<\/strong>: Poliamida 85% e elastano 15%. Produto feito em Portugal.<\/p>\n<p class=\"translation-block\"><strong>Detalhes de design<\/strong>: Leggings azuis com detalhes em Columbia blue, confeccionadas a partir de uma mistura dur\u00e1vel de poliamida e elastano para um conforto e resist\u00eancia superiores. Apresentam tecnologia de ader\u00eancia segura com pontos de ader\u00eancia nos pontos de contacto com a sela para melhorar o desempenho do cavaleiro. Incluem um bolso traseiro com fecho e um bolso lateral el\u00e1stico para armazenamento seguro do telem\u00f3vel, mantendo o design elegante e funcional. Nomeadas \u201cKuishi,\u201d que significa \u201csobreviv\u00eancia\u201d em sua\u00edli, estas leggings fazem parte da nossa cole\u00e7\u00e3o b\u00e1sica, desenhadas para uso intenso e manuten\u00e7\u00e3o f\u00e1cil.<\/p>\n<p class=\"translation-block\"><strong>Uso<\/strong>: Ideal para treino e uso intenso.<\/p>","protected":false},"excerpt":{"rendered":"<p>Descubra durabilidade e conforto incompar\u00e1veis com as Leggings Kuishi. Desenhadas para uso intenso, estas leggings azuis com detalhes em Columbia blue possuem tecnologia de ader\u00eancia segura e bolsos pr\u00e1ticos, perfeitas para equita\u00e7\u00e3o. Feitas em Portugal.<\/p>","protected":false},"featured_media":1325,"comment_status":"open","ping_status":"closed","template":"","meta":{"_acf_changed":false,"_et_pb_use_builder":"","_et_pb_old_content":"","_et_gb_content_width":"","om_disable_all_campaigns":false,"_monsterinsights_skip_tracking":false,"_monsterinsights_sitenote_active":false,"_monsterinsights_sitenote_note":"","_monsterinsights_sitenote_category":0},"product_brand":[],"product_cat":[20,40,52,32],"product_tag":[],"class_list":{"0":"post-1320","1":"product","2":"type-product","3":"status-publish","4":"has-post-thumbnail","6":"product_cat-clothing","7":"product_cat-hackamour","8":"product_cat-leggings","9":"product_cat-woman","11":"first","12":"instock","13":"shipping-taxable","14":"purchasable","15":"product-type-variable"},"acf":[],"aioseo_notices":[],"_links":{"self":[{"href":"https:\/\/coudelaria.com\/pt\/wp-json\/wp\/v2\/product\/1320","targetHints":{"allow":["GET"]}}],"collection":[{"href":"https:\/\/coudelaria.com\/pt\/wp-json\/wp\/v2\/product"}],"about":[{"href":"https:\/\/coudelaria.com\/pt\/wp-json\/wp\/v2\/types\/product"}],"replies":[{"embeddable":true,"href":"https:\/\/coudelaria.com\/pt\/wp-json\/wp\/v2\/comments?post=1320"}],"wp:featuredmedia":[{"embeddable":true,"href":"https:\/\/coudelaria.com\/pt\/wp-json\/wp\/v2\/media\/1325"}],"wp:attachment":[{"href":"https:\/\/coudelaria.com\/pt\/wp-json\/wp\/v2\/media?parent=1320"}],"wp:term":[{"taxonomy":"product_brand","embeddable":true,"href":"https:\/\/coudelaria.com\/pt\/wp-json\/wp\/v2\/product_brand?post=1320"},{"taxonomy":"product_cat","embeddable":true,"href":"https:\/\/coudelaria.com\/pt\/wp-json\/wp\/v2\/product_cat?post=1320"},{"taxonomy":"product_tag","embeddable":true,"href":"https:\/\/coudelaria.com\/pt\/wp-json\/wp\/v2\/product_tag?post=1320"}],"curies":[{"name":"wp","href":"https:\/\/api.w.org\/{rel}","templated":true}]}}