{"id":457,"date":"2023-12-06T19:08:13","date_gmt":"2023-12-06T19:08:13","guid":{"rendered":"https:\/\/coudelaria.com\/?post_type=product&#038;p=457"},"modified":"2025-11-16T20:28:52","modified_gmt":"2025-11-16T20:28:52","slug":"tokara-sunglasses","status":"publish","type":"product","link":"https:\/\/coudelaria.com\/fr\/product\/tokara-sunglasses\/","title":{"rendered":"Lunettes de Soleil Tokara"},"content":{"rendered":"<p><strong>Nous vous pr\u00e9sentons les Lunettes de Soleil Tokara de Coudelaria Clothing.<\/strong><\/p>\n<p class=\"translation-block\">Un m\u00e9lange parfait d'\u00e9l\u00e9gance et de savoir-faire sup\u00e9rieur. Ces lunettes de soleil sont m\u00e9ticuleusement <strong>fabriqu\u00e9es \u00e0 la main au Portugal<\/strong> en utilisant <strong>de l'ac\u00e9tate italien de haute qualit\u00e9<\/strong> et des <strong>verres italiens premium<\/strong>, garantissant \u00e0 la fois style et durabilit\u00e9. Chaque paire porte le nom d'une race de chevaux en voie de disparition, ce mod\u00e8le rendant hommage \u00e0 la race Tokara.<\/p>\n<p class=\"translation-block\">Les Lunettes de Soleil Tokara sont livr\u00e9es avec un <strong>\u00e9tui en cuir luxueux<\/strong> dot\u00e9 d'un <strong>int\u00e9rieur en Alcantara doux<\/strong>, offrant la combinaison parfaite de protection et d'\u00e9l\u00e9gance. Que vous vous habilliez pour un \u00e9v\u00e9nement formel ou que vous ajoutiez une touche de sophistication \u00e0 votre look d\u00e9contract\u00e9, ces lunettes de soleil sont con\u00e7ues pour am\u00e9liorer votre style.<\/p>\n<p>D\u00e9couvrez le m\u00e9lange de luxe, de design intemporel et de savoir-faire expert avec les Lunettes de Soleil Tokara de Coudelaria Clothing, et soutenez la sensibilisation aux races de chevaux en voie de disparition.<\/p>\n<p class=\"translation-block\"><strong>Mat\u00e9riaux<\/strong>: Ac\u00e9tate italien de haute qualit\u00e9 avec des verres italiens.<\/p>\n<p class=\"translation-block\"><strong>D\u00e9tails de conception<\/strong>: Livr\u00e9 avec un \u00e9tui en cuir avec int\u00e9rieur en Alcantara. Fabriqu\u00e9s \u00e0 la main au Portugal. Nomm\u00e9es d'apr\u00e8s la race de chevaux Tokara, qui est en danger d'extinction.<\/p>\n<p class=\"translation-block\"><strong>Usage<\/strong>: D\u00e9contract\u00e9 \/ Formel \/ Chic<\/p>","protected":false},"excerpt":{"rendered":"<p>Sortez avec style avec les Lunettes de Soleil Tokara, fabriqu\u00e9es en ac\u00e9tate et verres italiens de premi\u00e8re qualit\u00e9. Livr\u00e9es avec un \u00e9tui en cuir luxueux, faites \u00e0 la main au Portugal, et nomm\u00e9es d'apr\u00e8s la race de chevaux en voie de disparition Tokara.<\/p>","protected":false},"featured_media":955,"comment_status":"open","ping_status":"closed","template":"","meta":{"_acf_changed":false,"_et_pb_use_builder":"","_et_pb_old_content":"","_et_gb_content_width":"","om_disable_all_campaigns":false,"_monsterinsights_skip_tracking":false,"_monsterinsights_sitenote_active":false,"_monsterinsights_sitenote_note":"","_monsterinsights_sitenote_category":0},"product_brand":[],"product_cat":[29,39,30,32],"product_tag":[],"class_list":{"0":"post-457","1":"product","2":"type-product","3":"status-publish","4":"has-post-thumbnail","6":"product_cat-accessories","7":"product_cat-coudelaria","8":"product_cat-sunglasses","9":"product_cat-woman","11":"first","12":"instock","13":"shipping-taxable","14":"purchasable","15":"product-type-simple"},"acf":[],"aioseo_notices":[],"_links":{"self":[{"href":"https:\/\/coudelaria.com\/fr\/wp-json\/wp\/v2\/product\/457","targetHints":{"allow":["GET"]}}],"collection":[{"href":"https:\/\/coudelaria.com\/fr\/wp-json\/wp\/v2\/product"}],"about":[{"href":"https:\/\/coudelaria.com\/fr\/wp-json\/wp\/v2\/types\/product"}],"replies":[{"embeddable":true,"href":"https:\/\/coudelaria.com\/fr\/wp-json\/wp\/v2\/comments?post=457"}],"wp:featuredmedia":[{"embeddable":true,"href":"https:\/\/coudelaria.com\/fr\/wp-json\/wp\/v2\/media\/955"}],"wp:attachment":[{"href":"https:\/\/coudelaria.com\/fr\/wp-json\/wp\/v2\/media?parent=457"}],"wp:term":[{"taxonomy":"product_brand","embeddable":true,"href":"https:\/\/coudelaria.com\/fr\/wp-json\/wp\/v2\/product_brand?post=457"},{"taxonomy":"product_cat","embeddable":true,"href":"https:\/\/coudelaria.com\/fr\/wp-json\/wp\/v2\/product_cat?post=457"},{"taxonomy":"product_tag","embeddable":true,"href":"https:\/\/coudelaria.com\/fr\/wp-json\/wp\/v2\/product_tag?post=457"}],"curies":[{"name":"wp","href":"https:\/\/api.w.org\/{rel}","templated":true}]}}