{"id":453,"date":"2023-12-06T19:06:21","date_gmt":"2023-12-06T19:06:21","guid":{"rendered":"https:\/\/coudelaria.com\/?post_type=product&#038;p=453"},"modified":"2025-11-16T20:30:18","modified_gmt":"2025-11-16T20:30:18","slug":"persano-sunglasses","status":"publish","type":"product","link":"https:\/\/coudelaria.com\/fr\/product\/persano-sunglasses\/","title":{"rendered":"Lunettes de Soleil Persano"},"content":{"rendered":"<p><strong>Nous vous pr\u00e9sentons les Lunettes de Soleil Persano de Coudelaria Clothing.<\/strong><\/p>\n<p class=\"translation-block\">Un m\u00e9lange parfait d'\u00e9l\u00e9gance et de savoir-faire sup\u00e9rieur. Ces lunettes de soleil sont m\u00e9ticuleusement <strong>fabriqu\u00e9es \u00e0 la main au Portugal<\/strong> en utilisant <strong>de l'ac\u00e9tate italien de haute qualit\u00e9<\/strong> et des <strong>verres italiens premium<\/strong>, garantissant \u00e0 la fois style et durabilit\u00e9. La monture classique pr\u00e9sente une subtile finition \u00e9caille de tortue, offrant un look intemporel et sophistiqu\u00e9. Chaque paire porte le nom d'une race de chevaux en voie de disparition, ce mod\u00e8le rendant hommage \u00e0 la race Persano.<\/p>\n<p class=\"translation-block\">Les Lunettes de Soleil Persano sont livr\u00e9es avec un <strong>\u00e9tui en cuir luxueux<\/strong> dot\u00e9 d'un <strong>int\u00e9rieur en Alcantara doux<\/strong>, offrant la combinaison parfaite de protection et d'\u00e9l\u00e9gance. Que vous vous habilliez pour un \u00e9v\u00e9nement formel ou que vous ajoutiez une touche de raffinement \u00e0 votre tenue d\u00e9contract\u00e9e, ces lunettes de soleil sont con\u00e7ues pour am\u00e9liorer votre style et faire une d\u00e9claration.<\/p>\n<p>D\u00e9couvrez le m\u00e9lange de luxe, de design intemporel et de savoir-faire expert avec les Lunettes de Soleil Persano de Coudelaria Clothing, et soutenez la sensibilisation aux races de chevaux en voie de disparition.<\/p>\n<p class=\"translation-block\"><strong>Mat\u00e9riaux<\/strong>: Ac\u00e9tate italien de haute qualit\u00e9 avec des verres italiens.<\/p>\n<p class=\"translation-block\"><strong>D\u00e9tails de conception<\/strong>: Design classique de monture avec une subtile finition \u00e9caille de tortue. Livr\u00e9 avec un \u00e9tui en cuir avec int\u00e9rieur en Alcantara. Fabriqu\u00e9s \u00e0 la main au Portugal. Nomm\u00e9es d'apr\u00e8s la race de chevaux en voie de disparition Persano.<\/p>\n<p class=\"translation-block\"><strong>Usage<\/strong>: D\u00e9contract\u00e9 \/ Formel<\/p>","protected":false},"excerpt":{"rendered":"<p>Am\u00e9liorez votre style avec les Lunettes de Soleil Persano, fabriqu\u00e9es en ac\u00e9tate et verres italiens de premi\u00e8re qualit\u00e9. Fabriqu\u00e9es \u00e0 la main au Portugal avec une finition \u00e9caille de tortue classique et un \u00e9tui en cuir luxueux, nomm\u00e9es d'apr\u00e8s la race de chevaux en voie de disparition Persano.<\/p>","protected":false},"featured_media":978,"comment_status":"open","ping_status":"closed","template":"","meta":{"_acf_changed":false,"_et_pb_use_builder":"","_et_pb_old_content":"","_et_gb_content_width":"","om_disable_all_campaigns":false,"_monsterinsights_skip_tracking":false,"_monsterinsights_sitenote_active":false,"_monsterinsights_sitenote_note":"","_monsterinsights_sitenote_category":0},"product_brand":[],"product_cat":[29,39,31,30,32],"product_tag":[],"class_list":{"0":"post-453","1":"product","2":"type-product","3":"status-publish","4":"has-post-thumbnail","6":"product_cat-accessories","7":"product_cat-coudelaria","8":"product_cat-man","9":"product_cat-sunglasses","10":"product_cat-woman","12":"first","13":"instock","14":"shipping-taxable","15":"purchasable","16":"product-type-simple"},"acf":[],"aioseo_notices":[],"_links":{"self":[{"href":"https:\/\/coudelaria.com\/fr\/wp-json\/wp\/v2\/product\/453","targetHints":{"allow":["GET"]}}],"collection":[{"href":"https:\/\/coudelaria.com\/fr\/wp-json\/wp\/v2\/product"}],"about":[{"href":"https:\/\/coudelaria.com\/fr\/wp-json\/wp\/v2\/types\/product"}],"replies":[{"embeddable":true,"href":"https:\/\/coudelaria.com\/fr\/wp-json\/wp\/v2\/comments?post=453"}],"wp:featuredmedia":[{"embeddable":true,"href":"https:\/\/coudelaria.com\/fr\/wp-json\/wp\/v2\/media\/978"}],"wp:attachment":[{"href":"https:\/\/coudelaria.com\/fr\/wp-json\/wp\/v2\/media?parent=453"}],"wp:term":[{"taxonomy":"product_brand","embeddable":true,"href":"https:\/\/coudelaria.com\/fr\/wp-json\/wp\/v2\/product_brand?post=453"},{"taxonomy":"product_cat","embeddable":true,"href":"https:\/\/coudelaria.com\/fr\/wp-json\/wp\/v2\/product_cat?post=453"},{"taxonomy":"product_tag","embeddable":true,"href":"https:\/\/coudelaria.com\/fr\/wp-json\/wp\/v2\/product_tag?post=453"}],"curies":[{"name":"wp","href":"https:\/\/api.w.org\/{rel}","templated":true}]}}