{"id":448,"date":"2023-12-06T19:03:02","date_gmt":"2023-12-06T19:03:02","guid":{"rendered":"https:\/\/coudelaria.com\/?post_type=product&#038;p=448"},"modified":"2026-03-23T22:47:15","modified_gmt":"2026-03-23T22:47:15","slug":"ferghana-sunglasses","status":"publish","type":"product","link":"https:\/\/coudelaria.com\/fr\/product\/ferghana-sunglasses\/","title":{"rendered":"Lunettes de Soleil Ferghana"},"content":{"rendered":"<p><strong>Nous vous pr\u00e9sentons les Lunettes de Soleil Ferghana de Coudelaria Clothing.<\/strong><\/p>\n<p class=\"translation-block\">Une fusion parfaite d'\u00e9l\u00e9gance et de savoir-faire sup\u00e9rieur. Ces lunettes de soleil sont m\u00e9ticuleusement <strong>fabriqu\u00e9es \u00e0 la main au Portugal<\/strong> en utilisant <strong>de l'ac\u00e9tate italien de haute qualit\u00e9<\/strong> et des <strong>verres italiens premium<\/strong>, garantissant \u00e0 la fois style et durabilit\u00e9. La monture classique pr\u00e9sente une finition \u00e9caille de tortue riche, offrant un look intemporel et sophistiqu\u00e9. Chaque paire est nomm\u00e9e d'apr\u00e8s une race de cheval en voie de disparition, ce mod\u00e8le honorant la race Ferghana.<\/p>\n<p class=\"translation-block\">Les Lunettes de Soleil Ferghana sont livr\u00e9es avec un <strong>\u00e9tui en cuir luxueux<\/strong> dot\u00e9 d'un <strong>int\u00e9rieur en Alcantara doux<\/strong>, offrant la combinaison parfaite de protection et d'\u00e9l\u00e9gance. Id\u00e9ales pour les contextes d\u00e9contract\u00e9s et formels, ces lunettes de soleil sont con\u00e7ues pour am\u00e9liorer votre style et faire une d\u00e9claration.<\/p>\n<p>D\u00e9couvrez le m\u00e9lange de luxe, de design intemporel et de savoir-faire expert avec les Lunettes de Soleil Ferghana de Coudelaria Clothing, et soutenez la sensibilisation aux races de chevaux en voie de disparition.<\/p>\n<p class=\"translation-block\"><strong>Mat\u00e9riaux<\/strong>: Ac\u00e9tate italien de haute qualit\u00e9 avec des verres italiens.<\/p>\n<p class=\"translation-block\"><strong>D\u00e9tails de conception<\/strong>: Design de monture classique avec une riche finition \u00e9caille de tortue. Livr\u00e9 avec un \u00e9tui en cuir avec int\u00e9rieur en Alcantara. Fabriqu\u00e9 \u00e0 la main au Portugal. Nomm\u00e9 d'apr\u00e8s la race de chevaux en voie de disparition Ferghana.<\/p>\n<p class=\"translation-block\"><strong>Usage<\/strong>: D\u00e9contract\u00e9 \/ Formel \/ Chic<\/p>","protected":false},"excerpt":{"rendered":"<p>\u00c9levez votre look avec les Lunettes de Soleil Ferghana, fabriqu\u00e9es \u00e0 partir d'ac\u00e9tate et de verres italiens de haute qualit\u00e9. Fabriqu\u00e9es \u00e0 la main au Portugal avec une monture classique en \u00e9caille de tortue et un \u00e9tui en cuir luxueux, nomm\u00e9es d'apr\u00e8s la race de chevaux en voie de disparition Ferghana.<\/p>","protected":false},"featured_media":1000,"comment_status":"open","ping_status":"closed","template":"","meta":{"_acf_changed":false,"_et_pb_use_builder":"","_et_pb_old_content":"","_et_gb_content_width":"","om_disable_all_campaigns":false,"_monsterinsights_skip_tracking":false,"_monsterinsights_sitenote_active":false,"_monsterinsights_sitenote_note":"","_monsterinsights_sitenote_category":0},"product_brand":[],"product_cat":[29,39,31,30,32],"product_tag":[],"class_list":{"0":"post-448","1":"product","2":"type-product","3":"status-publish","4":"has-post-thumbnail","6":"product_cat-accessories","7":"product_cat-coudelaria","8":"product_cat-man","9":"product_cat-sunglasses","10":"product_cat-woman","12":"first","13":"instock","14":"shipping-taxable","15":"purchasable","16":"product-type-simple"},"acf":[],"aioseo_notices":[],"_links":{"self":[{"href":"https:\/\/coudelaria.com\/fr\/wp-json\/wp\/v2\/product\/448","targetHints":{"allow":["GET"]}}],"collection":[{"href":"https:\/\/coudelaria.com\/fr\/wp-json\/wp\/v2\/product"}],"about":[{"href":"https:\/\/coudelaria.com\/fr\/wp-json\/wp\/v2\/types\/product"}],"replies":[{"embeddable":true,"href":"https:\/\/coudelaria.com\/fr\/wp-json\/wp\/v2\/comments?post=448"}],"wp:featuredmedia":[{"embeddable":true,"href":"https:\/\/coudelaria.com\/fr\/wp-json\/wp\/v2\/media\/1000"}],"wp:attachment":[{"href":"https:\/\/coudelaria.com\/fr\/wp-json\/wp\/v2\/media?parent=448"}],"wp:term":[{"taxonomy":"product_brand","embeddable":true,"href":"https:\/\/coudelaria.com\/fr\/wp-json\/wp\/v2\/product_brand?post=448"},{"taxonomy":"product_cat","embeddable":true,"href":"https:\/\/coudelaria.com\/fr\/wp-json\/wp\/v2\/product_cat?post=448"},{"taxonomy":"product_tag","embeddable":true,"href":"https:\/\/coudelaria.com\/fr\/wp-json\/wp\/v2\/product_tag?post=448"}],"curies":[{"name":"wp","href":"https:\/\/api.w.org\/{rel}","templated":true}]}}