{"id":441,"date":"2023-12-06T18:58:45","date_gmt":"2023-12-06T18:58:45","guid":{"rendered":"https:\/\/coudelaria.com\/?post_type=product&#038;p=441"},"modified":"2025-11-16T20:32:21","modified_gmt":"2025-11-16T20:32:21","slug":"bardigiano-sunglasses","status":"publish","type":"product","link":"https:\/\/coudelaria.com\/fr\/product\/bardigiano-sunglasses\/","title":{"rendered":"Lunettes de Soleil Bardigiano"},"content":{"rendered":"<p><strong>Nous vous pr\u00e9sentons les Lunettes de Soleil Bardigiano de Coudelaria Clothing.<\/strong><\/p>\n<p class=\"translation-block\">O\u00f9 le design vintage rencontre un savoir-faire exceptionnel. Ces lunettes de soleil sont m\u00e9ticuleusement <strong>fabriqu\u00e9es \u00e0 la main au Portugal<\/strong> en utilisant <strong>de l'ac\u00e9tate italien de haute qualit\u00e9<\/strong> et des <strong>verres italiens premium<\/strong>, garantissant \u00e0 la fois style et durabilit\u00e9. La monture d'inspiration vintage pr\u00e9sente une couleur ambre vibrante, faisant de ces lunettes de soleil un accessoire remarquable. Chaque paire est nomm\u00e9e d'apr\u00e8s une race de cheval en voie de disparition, ce mod\u00e8le honorant la race Bardigiano.<\/p>\n<p class=\"translation-block\">Les Lunettes de Soleil Bardigiano sont livr\u00e9es avec un <strong>\u00e9tui en cuir luxueux<\/strong> dot\u00e9 d'un <strong>int\u00e9rieur en Alcantara doux<\/strong>, offrant la combinaison parfaite de protection et d'\u00e9l\u00e9gance. Id\u00e9ales pour les contextes d\u00e9contract\u00e9s et formels, ces lunettes de soleil sont con\u00e7ues pour am\u00e9liorer votre style et faire une d\u00e9claration.<\/p>\n<p>D\u00e9couvrez le m\u00e9lange de luxe, de design vintage et de savoir-faire expert avec les Lunettes de Soleil Bardigiano de Coudelaria Clothing, et soutenez la sensibilisation aux races de chevaux en voie de disparition.<\/p>\n<p class=\"translation-block\"><strong>Mat\u00e9riaux<\/strong>: Ac\u00e9tate italien de haute qualit\u00e9 avec des verres italiens.<\/p>\n<p class=\"translation-block\"><strong>D\u00e9tails de conception<\/strong>: Design de monture inspir\u00e9 du vintage avec une couleur ambre vibrante. Livr\u00e9 avec un \u00e9tui en cuir avec int\u00e9rieur en Alcantara. Fabriqu\u00e9 \u00e0 la main au Portugal. Nomm\u00e9 d'apr\u00e8s la race de cheval en voie de disparition Bardigiano.<\/p>\n<p class=\"translation-block\"><strong>Usage<\/strong>: D\u00e9contract\u00e9 \/ Formel.<\/p>","protected":false},"excerpt":{"rendered":"<p>Ajoutez une touche de style vintage avec les Lunettes de Soleil Bardigiano, fabriqu\u00e9es \u00e0 partir d'ac\u00e9tate et de verres italiens de haute qualit\u00e9. Fabriqu\u00e9es \u00e0 la main au Portugal avec une monture ambr\u00e9e vibrante et un \u00e9tui en cuir luxueux, nomm\u00e9es d'apr\u00e8s la race de chevaux en voie de disparition Bardigiano.<\/p>","protected":false},"featured_media":1014,"comment_status":"open","ping_status":"closed","template":"","meta":{"_acf_changed":false,"_et_pb_use_builder":"","_et_pb_old_content":"","_et_gb_content_width":"","om_disable_all_campaigns":false,"_monsterinsights_skip_tracking":false,"_monsterinsights_sitenote_active":false,"_monsterinsights_sitenote_note":"","_monsterinsights_sitenote_category":0},"product_brand":[],"product_cat":[29,39,31,30,32],"product_tag":[],"class_list":{"0":"post-441","1":"product","2":"type-product","3":"status-publish","4":"has-post-thumbnail","6":"product_cat-accessories","7":"product_cat-coudelaria","8":"product_cat-man","9":"product_cat-sunglasses","10":"product_cat-woman","12":"first","13":"instock","14":"shipping-taxable","15":"purchasable","16":"product-type-simple"},"acf":[],"aioseo_notices":[],"_links":{"self":[{"href":"https:\/\/coudelaria.com\/fr\/wp-json\/wp\/v2\/product\/441","targetHints":{"allow":["GET"]}}],"collection":[{"href":"https:\/\/coudelaria.com\/fr\/wp-json\/wp\/v2\/product"}],"about":[{"href":"https:\/\/coudelaria.com\/fr\/wp-json\/wp\/v2\/types\/product"}],"replies":[{"embeddable":true,"href":"https:\/\/coudelaria.com\/fr\/wp-json\/wp\/v2\/comments?post=441"}],"wp:featuredmedia":[{"embeddable":true,"href":"https:\/\/coudelaria.com\/fr\/wp-json\/wp\/v2\/media\/1014"}],"wp:attachment":[{"href":"https:\/\/coudelaria.com\/fr\/wp-json\/wp\/v2\/media?parent=441"}],"wp:term":[{"taxonomy":"product_brand","embeddable":true,"href":"https:\/\/coudelaria.com\/fr\/wp-json\/wp\/v2\/product_brand?post=441"},{"taxonomy":"product_cat","embeddable":true,"href":"https:\/\/coudelaria.com\/fr\/wp-json\/wp\/v2\/product_cat?post=441"},{"taxonomy":"product_tag","embeddable":true,"href":"https:\/\/coudelaria.com\/fr\/wp-json\/wp\/v2\/product_tag?post=441"}],"curies":[{"name":"wp","href":"https:\/\/api.w.org\/{rel}","templated":true}]}}