{"id":1308,"date":"2024-07-12T17:05:31","date_gmt":"2024-07-12T16:05:31","guid":{"rendered":"https:\/\/coudelaria.com\/?post_type=product&#038;p=1308"},"modified":"2026-04-02T18:54:49","modified_gmt":"2026-04-02T17:54:49","slug":"kuishi-leggings-blue-with-silver","status":"publish","type":"product","link":"https:\/\/coudelaria.com\/fr\/product\/kuishi-leggings-blue-with-silver\/","title":{"rendered":"Leggings Kuishi - Bleu avec Argent"},"content":{"rendered":"<p><strong>Nous vous pr\u00e9sentons les Leggings Kuishi de Hackamour.<\/strong><\/p>\n<p class=\"translation-block\">Faisant partie de notre collection basique con\u00e7ue pour une utilisation intense et un entretien facile. Nomm\u00e9s d'apr\u00e8s le mot swahili pour \u201csurvie,\u201d ces leggings incarnent durabilit\u00e9 et r\u00e9silience. <strong>Fabriqu\u00e9s au Portugal<\/strong> \u00e0 partir d'un m\u00e9lange de 85% polyamide et 15% \u00e9lasthanne, ils offrent <strong>un confort et une flexibilit\u00e9 exceptionnels<\/strong>.<\/p>\n<p class=\"translation-block\">Les leggings bleus sont accentu\u00e9s par des d\u00e9tails \u00e9l\u00e9gants en argent et sont dot\u00e9s de notre <strong>technologie innovante de maintien s\u00e9curis\u00e9<\/strong>, avec des points d'adh\u00e9rence strat\u00e9giquement plac\u00e9s aux points de contact de la selle pour am\u00e9liorer les performances et le confort du cavalier. Les caract\u00e9ristiques pratiques suppl\u00e9mentaires incluent une poche arri\u00e8re avec fermeture \u00e9clair et une poche lat\u00e9rale \u00e9lastique pour un rangement s\u00e9curis\u00e9 du t\u00e9l\u00e9phone portable, assurant fonctionnalit\u00e9 sans compromettre le style.<\/p>\n<p>Parfaits pour l'entra\u00eenement et une utilisation r\u00e9guli\u00e8re, les Leggings Kuishi allient design chic et fonctionnalit\u00e9 sup\u00e9rieure, en faisant un ajout essentiel \u00e0 la garde-robe de tout cavalier.<\/p>\n<p class=\"translation-block\"><strong>Mat\u00e9riaux<\/strong>: Polyamide 85% et \u00e9lasthanne 15%. Produit fabriqu\u00e9 au Portugal.<\/p>\n<p class=\"translation-block\"><strong>D\u00e9tails de conception<\/strong>: Leggings bleus avec des d\u00e9tails en argent, fabriqu\u00e9s \u00e0 partir d'un m\u00e9lange durable de polyamide et d'\u00e9lasthanne pour un confort et une r\u00e9sistance sup\u00e9rieurs. Dot\u00e9s de la technologie de maintien s\u00e9curis\u00e9 avec des points d'adh\u00e9rence aux points de contact de la selle pour am\u00e9liorer les performances du cavalier. Inclut une poche arri\u00e8re avec fermeture \u00e9clair et une poche lat\u00e9rale \u00e9lastique pour un rangement s\u00e9curis\u00e9 du t\u00e9l\u00e9phone portable, tout en maintenant un design chic et fonctionnel. Nomm\u00e9s \u201cKuishi,\u201d signifiant \u201csurvie\u201d en swahili, ces leggings font partie de notre collection basique, con\u00e7ue pour un usage intensif et un entretien facile.<\/p>\n<p class=\"translation-block\"><strong>Usage<\/strong>: Id\u00e9al pour l'entra\u00eenement et une utilisation intensive.<\/p>","protected":false},"excerpt":{"rendered":"<p>D\u00e9couvrez une durabilit\u00e9 et un confort in\u00e9gal\u00e9s avec les Leggings Kuishi. Con\u00e7us pour une utilisation intensive, ces leggings bleus avec des d\u00e9tails en argent sont dot\u00e9s de la technologie de maintien s\u00e9curis\u00e9 et de poches pratiques, parfaits pour l'\u00e9quitation. Fabriqu\u00e9s au Portugal.<\/p>","protected":false},"featured_media":1312,"comment_status":"open","ping_status":"closed","template":"","meta":{"_acf_changed":false,"_et_pb_use_builder":"","_et_pb_old_content":"","_et_gb_content_width":"","om_disable_all_campaigns":false,"_monsterinsights_skip_tracking":false,"_monsterinsights_sitenote_active":false,"_monsterinsights_sitenote_note":"","_monsterinsights_sitenote_category":0},"product_brand":[],"product_cat":[20,40,52,32],"product_tag":[],"class_list":{"0":"post-1308","1":"product","2":"type-product","3":"status-publish","4":"has-post-thumbnail","6":"product_cat-clothing","7":"product_cat-hackamour","8":"product_cat-leggings","9":"product_cat-woman","11":"first","12":"instock","13":"shipping-taxable","14":"purchasable","15":"product-type-variable"},"acf":[],"aioseo_notices":[],"_links":{"self":[{"href":"https:\/\/coudelaria.com\/fr\/wp-json\/wp\/v2\/product\/1308","targetHints":{"allow":["GET"]}}],"collection":[{"href":"https:\/\/coudelaria.com\/fr\/wp-json\/wp\/v2\/product"}],"about":[{"href":"https:\/\/coudelaria.com\/fr\/wp-json\/wp\/v2\/types\/product"}],"replies":[{"embeddable":true,"href":"https:\/\/coudelaria.com\/fr\/wp-json\/wp\/v2\/comments?post=1308"}],"wp:featuredmedia":[{"embeddable":true,"href":"https:\/\/coudelaria.com\/fr\/wp-json\/wp\/v2\/media\/1312"}],"wp:attachment":[{"href":"https:\/\/coudelaria.com\/fr\/wp-json\/wp\/v2\/media?parent=1308"}],"wp:term":[{"taxonomy":"product_brand","embeddable":true,"href":"https:\/\/coudelaria.com\/fr\/wp-json\/wp\/v2\/product_brand?post=1308"},{"taxonomy":"product_cat","embeddable":true,"href":"https:\/\/coudelaria.com\/fr\/wp-json\/wp\/v2\/product_cat?post=1308"},{"taxonomy":"product_tag","embeddable":true,"href":"https:\/\/coudelaria.com\/fr\/wp-json\/wp\/v2\/product_tag?post=1308"}],"curies":[{"name":"wp","href":"https:\/\/api.w.org\/{rel}","templated":true}]}}