{"id":457,"date":"2023-12-06T19:08:13","date_gmt":"2023-12-06T19:08:13","guid":{"rendered":"https:\/\/coudelaria.com\/?post_type=product&#038;p=457"},"modified":"2025-11-16T20:28:52","modified_gmt":"2025-11-16T20:28:52","slug":"tokara-sunglasses","status":"publish","type":"product","link":"https:\/\/coudelaria.com\/es\/product\/tokara-sunglasses\/","title":{"rendered":"Gafas de Sol Tokara"},"content":{"rendered":"<p><strong>Presentamos las Gafas de Sol Tokara de Coudelaria Clothing.<\/strong><\/p>\n<p class=\"translation-block\">Una mezcla perfecta de elegancia y artesan\u00eda superior. Estas gafas de sol est\u00e1n meticulosamente <strong>hechas a mano en Portugal<\/strong> utilizando <strong>acetato italiano de alta calidad<\/strong> y <strong>lentes italianas premium<\/strong>, garantizando tanto estilo como durabilidad. Cada par lleva el nombre de una raza de caballo en peligro de extinci\u00f3n, con este modelo honrando a la raza Tokara.<\/p>\n<p class=\"translation-block\">Las Gafas de Sol Tokara vienen con un <strong>lujoso estuche de cuero<\/strong> que cuenta con un <strong>interior de Alcantara suave<\/strong>, proporcionando la combinaci\u00f3n perfecta de protecci\u00f3n y elegancia. Ya sea que te vistas para un evento formal o que desees a\u00f1adir un toque de sofisticaci\u00f3n a tu look casual, estas gafas de sol est\u00e1n dise\u00f1adas para realzar tu estilo.<\/p>\n<p>Experimenta la combinaci\u00f3n de lujo, dise\u00f1o atemporal y artesan\u00eda experta con las Gafas de Sol Tokara de Coudelaria Clothing, y apoya la concienciaci\u00f3n sobre las razas de caballos en peligro de extinci\u00f3n.<\/p>\n<p class=\"translation-block\"><strong>Materiales<\/strong>: Acetato italiano de alta calidad con lentes italianas.<\/p>\n<p class=\"translation-block\"><strong>Detalles de dise\u00f1o<\/strong>: Viene con un estuche de cuero con interior de Alcantara. Hechas a mano en Portugal. Nombradas en honor a la raza de caballos Tokara, que est\u00e1 en riesgo de extinci\u00f3n.<\/p>\n<p class=\"translation-block\"><strong>Uso<\/strong>: Casual \/ Formal \/ Elegante<\/p>","protected":false},"excerpt":{"rendered":"<p>Sal con estilo con las Gafas de Sol Tokara, fabricadas con acetato y lentes italianos premium. Vienen con un lujoso estuche de cuero, hechas a mano en Portugal, y nombradas en honor a la raza de caballos en peligro de extinci\u00f3n Tokara.<\/p>","protected":false},"featured_media":955,"comment_status":"open","ping_status":"closed","template":"","meta":{"_acf_changed":false,"_et_pb_use_builder":"","_et_pb_old_content":"","_et_gb_content_width":"","om_disable_all_campaigns":false,"_monsterinsights_skip_tracking":false,"_monsterinsights_sitenote_active":false,"_monsterinsights_sitenote_note":"","_monsterinsights_sitenote_category":0},"product_brand":[],"product_cat":[29,39,30,32],"product_tag":[],"class_list":{"0":"post-457","1":"product","2":"type-product","3":"status-publish","4":"has-post-thumbnail","6":"product_cat-accessories","7":"product_cat-coudelaria","8":"product_cat-sunglasses","9":"product_cat-woman","11":"first","12":"instock","13":"shipping-taxable","14":"purchasable","15":"product-type-simple"},"acf":[],"aioseo_notices":[],"_links":{"self":[{"href":"https:\/\/coudelaria.com\/es\/wp-json\/wp\/v2\/product\/457","targetHints":{"allow":["GET"]}}],"collection":[{"href":"https:\/\/coudelaria.com\/es\/wp-json\/wp\/v2\/product"}],"about":[{"href":"https:\/\/coudelaria.com\/es\/wp-json\/wp\/v2\/types\/product"}],"replies":[{"embeddable":true,"href":"https:\/\/coudelaria.com\/es\/wp-json\/wp\/v2\/comments?post=457"}],"wp:featuredmedia":[{"embeddable":true,"href":"https:\/\/coudelaria.com\/es\/wp-json\/wp\/v2\/media\/955"}],"wp:attachment":[{"href":"https:\/\/coudelaria.com\/es\/wp-json\/wp\/v2\/media?parent=457"}],"wp:term":[{"taxonomy":"product_brand","embeddable":true,"href":"https:\/\/coudelaria.com\/es\/wp-json\/wp\/v2\/product_brand?post=457"},{"taxonomy":"product_cat","embeddable":true,"href":"https:\/\/coudelaria.com\/es\/wp-json\/wp\/v2\/product_cat?post=457"},{"taxonomy":"product_tag","embeddable":true,"href":"https:\/\/coudelaria.com\/es\/wp-json\/wp\/v2\/product_tag?post=457"}],"curies":[{"name":"wp","href":"https:\/\/api.w.org\/{rel}","templated":true}]}}