{"id":451,"date":"2023-12-06T19:05:08","date_gmt":"2023-12-06T19:05:08","guid":{"rendered":"https:\/\/coudelaria.com\/?post_type=product&#038;p=451"},"modified":"2026-04-02T14:13:44","modified_gmt":"2026-04-02T13:13:44","slug":"nokota-sunglasses","status":"publish","type":"product","link":"https:\/\/coudelaria.com\/es\/product\/nokota-sunglasses\/","title":{"rendered":"Gafas de Sol Nokota"},"content":{"rendered":"<p><strong>Presentamos las Gafas de Sol Nokota de Coudelaria Clothing.<\/strong><\/p>\n<p class=\"translation-block\">Donde el dise\u00f1o audaz se encuentra con la artesan\u00eda excepcional. Estas gafas de sol est\u00e1n meticulosamente <strong>hechas a mano en Portugal<\/strong> usando <strong>acetato italiano de alta calidad<\/strong> y <strong>lentes italianas premium<\/strong>, asegurando tanto estilo como durabilidad. La audaz montura presenta un llamativo esquema de color en blanco y negro, convirtiendo estas gafas de sol en un accesorio destacado. Cada par lleva el nombre de una raza de caballo en peligro de extinci\u00f3n, con este modelo honrando a la raza Nokota.<\/p>\n<p class=\"translation-block\">Las Gafas de Sol Nokota vienen con un <strong>lujoso estuche de cuero<\/strong> que cuenta con un <strong>interior de Alcantara suave<\/strong>, proporcionando la combinaci\u00f3n perfecta de protecci\u00f3n y elegancia. Perfectas tanto para entornos casuales como formales, estas gafas de sol est\u00e1n dise\u00f1adas para realzar tu estilo y hacer una declaraci\u00f3n.<\/p>\n<p>Experimenta la combinaci\u00f3n de lujo, dise\u00f1o audaz y artesan\u00eda experta con las Gafas de Sol Nokota de Coudelaria Clothing, y apoya la concienciaci\u00f3n sobre las razas de caballos en peligro de extinci\u00f3n.<\/p>\n<p class=\"translation-block\"><strong>Materiales<\/strong>: Acetato italiano de alta calidad con lentes italianas.<\/p>\n<p class=\"translation-block\"><strong>Detalles de dise\u00f1o<\/strong>: Dise\u00f1o de montura audaz con un esquema de color en blanco y negro. Viene con un estuche de cuero con interior de Alcantara. Hechas a mano en Portugal. Nombradas en honor a la raza de caballos en peligro de extinci\u00f3n Nokota.<\/p>\n<p class=\"translation-block\"><strong>Uso<\/strong>: Casual \/ Formal<\/p>","protected":false},"excerpt":{"rendered":"<p>Haz una declaraci\u00f3n audaz con las Gafas de Sol Nokota, fabricadas con acetato y lentes italianos premium. Hechas a mano en Portugal con una llamativa montura en blanco y negro y un lujoso estuche de cuero, nombradas en honor a la raza de caballos en peligro de extinci\u00f3n Nokota.<\/p>","protected":false},"featured_media":990,"comment_status":"open","ping_status":"closed","template":"","meta":{"_acf_changed":false,"_et_pb_use_builder":"","_et_pb_old_content":"","_et_gb_content_width":"","om_disable_all_campaigns":false,"_monsterinsights_skip_tracking":false,"_monsterinsights_sitenote_active":false,"_monsterinsights_sitenote_note":"","_monsterinsights_sitenote_category":0},"product_brand":[],"product_cat":[29,39,31,30,32],"product_tag":[],"class_list":{"0":"post-451","1":"product","2":"type-product","3":"status-publish","4":"has-post-thumbnail","6":"product_cat-accessories","7":"product_cat-coudelaria","8":"product_cat-man","9":"product_cat-sunglasses","10":"product_cat-woman","12":"first","13":"instock","14":"shipping-taxable","15":"purchasable","16":"product-type-simple"},"acf":[],"aioseo_notices":[],"_links":{"self":[{"href":"https:\/\/coudelaria.com\/es\/wp-json\/wp\/v2\/product\/451","targetHints":{"allow":["GET"]}}],"collection":[{"href":"https:\/\/coudelaria.com\/es\/wp-json\/wp\/v2\/product"}],"about":[{"href":"https:\/\/coudelaria.com\/es\/wp-json\/wp\/v2\/types\/product"}],"replies":[{"embeddable":true,"href":"https:\/\/coudelaria.com\/es\/wp-json\/wp\/v2\/comments?post=451"}],"wp:featuredmedia":[{"embeddable":true,"href":"https:\/\/coudelaria.com\/es\/wp-json\/wp\/v2\/media\/990"}],"wp:attachment":[{"href":"https:\/\/coudelaria.com\/es\/wp-json\/wp\/v2\/media?parent=451"}],"wp:term":[{"taxonomy":"product_brand","embeddable":true,"href":"https:\/\/coudelaria.com\/es\/wp-json\/wp\/v2\/product_brand?post=451"},{"taxonomy":"product_cat","embeddable":true,"href":"https:\/\/coudelaria.com\/es\/wp-json\/wp\/v2\/product_cat?post=451"},{"taxonomy":"product_tag","embeddable":true,"href":"https:\/\/coudelaria.com\/es\/wp-json\/wp\/v2\/product_tag?post=451"}],"curies":[{"name":"wp","href":"https:\/\/api.w.org\/{rel}","templated":true}]}}