{"id":448,"date":"2023-12-06T19:03:02","date_gmt":"2023-12-06T19:03:02","guid":{"rendered":"https:\/\/coudelaria.com\/?post_type=product&#038;p=448"},"modified":"2026-03-23T22:47:15","modified_gmt":"2026-03-23T22:47:15","slug":"ferghana-sunglasses","status":"publish","type":"product","link":"https:\/\/coudelaria.com\/es\/product\/ferghana-sunglasses\/","title":{"rendered":"Gafas de Sol Ferghana"},"content":{"rendered":"<p><strong>Presentamos las Gafas de Sol Ferghana de Coudelaria Clothing.<\/strong><\/p>\n<p class=\"translation-block\">Una fusi\u00f3n perfecta de elegancia y artesan\u00eda superior. Estas gafas de sol est\u00e1n meticulosamente <strong>hechas a mano en Portugal<\/strong> usando <strong>acetato italiano de alta calidad<\/strong> y <strong>lentes italianas premium<\/strong>, asegurando tanto estilo como durabilidad. La montura cl\u00e1sica presenta un rico acabado de carey, ofreciendo un aspecto atemporal y sofisticado. Cada par lleva el nombre de una raza de caballo en peligro de extinci\u00f3n, con este modelo honrando a la raza Ferghana.<\/p>\n<p class=\"translation-block\">Las Gafas de Sol Ferghana vienen con un <strong>lujoso estuche de cuero<\/strong> que cuenta con un <strong>interior suave de Alcantara<\/strong>, proporcionando la combinaci\u00f3n perfecta de protecci\u00f3n y elegancia. Ideales tanto para entornos casuales como formales, estas gafas de sol est\u00e1n dise\u00f1adas para elevar tu estilo y hacer una declaraci\u00f3n.<\/p>\n<p>Experimenta la combinaci\u00f3n de lujo, dise\u00f1o atemporal y artesan\u00eda experta con las Gafas de Sol Ferghana de Coudelaria Clothing, y apoya la concienciaci\u00f3n sobre las razas de caballos en peligro de extinci\u00f3n.<\/p>\n<p class=\"translation-block\"><strong>Materiales<\/strong>: Acetato italiano de alta calidad con lentes italianas.<\/p>\n<p class=\"translation-block\"><strong>Detalles de dise\u00f1o<\/strong>: Dise\u00f1o de montura cl\u00e1sica con un rico acabado de carey. Viene con un estuche de cuero con interior de Alcantara. Hechas a mano en Portugal. Nombradas en honor a la raza de caballos en peligro de extinci\u00f3n Ferghana.<\/p>\n<p class=\"translation-block\"><strong>Uso<\/strong>: Casual \/ Formal \/ Elegante<\/p>","protected":false},"excerpt":{"rendered":"<p>Eleva tu estilo con las Gafas de Sol Ferghana, fabricadas con acetato y lentes italianos de primera calidad. Hechas a mano en Portugal con una cl\u00e1sica montura de carey y un lujoso estuche de cuero, nombradas en honor a la raza de caballos en peligro de extinci\u00f3n Ferghana.<\/p>","protected":false},"featured_media":1000,"comment_status":"open","ping_status":"closed","template":"","meta":{"_acf_changed":false,"_et_pb_use_builder":"","_et_pb_old_content":"","_et_gb_content_width":"","om_disable_all_campaigns":false,"_monsterinsights_skip_tracking":false,"_monsterinsights_sitenote_active":false,"_monsterinsights_sitenote_note":"","_monsterinsights_sitenote_category":0},"product_brand":[],"product_cat":[29,39,31,30,32],"product_tag":[],"class_list":{"0":"post-448","1":"product","2":"type-product","3":"status-publish","4":"has-post-thumbnail","6":"product_cat-accessories","7":"product_cat-coudelaria","8":"product_cat-man","9":"product_cat-sunglasses","10":"product_cat-woman","12":"first","13":"instock","14":"shipping-taxable","15":"purchasable","16":"product-type-simple"},"acf":[],"aioseo_notices":[],"_links":{"self":[{"href":"https:\/\/coudelaria.com\/es\/wp-json\/wp\/v2\/product\/448","targetHints":{"allow":["GET"]}}],"collection":[{"href":"https:\/\/coudelaria.com\/es\/wp-json\/wp\/v2\/product"}],"about":[{"href":"https:\/\/coudelaria.com\/es\/wp-json\/wp\/v2\/types\/product"}],"replies":[{"embeddable":true,"href":"https:\/\/coudelaria.com\/es\/wp-json\/wp\/v2\/comments?post=448"}],"wp:featuredmedia":[{"embeddable":true,"href":"https:\/\/coudelaria.com\/es\/wp-json\/wp\/v2\/media\/1000"}],"wp:attachment":[{"href":"https:\/\/coudelaria.com\/es\/wp-json\/wp\/v2\/media?parent=448"}],"wp:term":[{"taxonomy":"product_brand","embeddable":true,"href":"https:\/\/coudelaria.com\/es\/wp-json\/wp\/v2\/product_brand?post=448"},{"taxonomy":"product_cat","embeddable":true,"href":"https:\/\/coudelaria.com\/es\/wp-json\/wp\/v2\/product_cat?post=448"},{"taxonomy":"product_tag","embeddable":true,"href":"https:\/\/coudelaria.com\/es\/wp-json\/wp\/v2\/product_tag?post=448"}],"curies":[{"name":"wp","href":"https:\/\/api.w.org\/{rel}","templated":true}]}}