{"id":1320,"date":"2024-07-12T17:22:25","date_gmt":"2024-07-12T16:22:25","guid":{"rendered":"https:\/\/coudelaria.com\/?post_type=product&#038;p=1320"},"modified":"2025-11-16T20:20:22","modified_gmt":"2025-11-16T20:20:22","slug":"kuishi-leggings-blue-with-columbia-blue","status":"publish","type":"product","link":"https:\/\/coudelaria.com\/es\/product\/kuishi-leggings-blue-with-columbia-blue\/","title":{"rendered":"Mallas Kuishi - Azul con Columbia Blue"},"content":{"rendered":"<p><strong>Presentamos las Mallas Kuishi de Hackamour.<\/strong><\/p>\n<p class=\"translation-block\">Parte de nuestra colecci\u00f3n b\u00e1sica dise\u00f1ada para un uso intenso y un mantenimiento sin esfuerzo. Nombradas por la palabra swahili para \u201csupervivencia,\u201d estas mallas encarnan durabilidad y resistencia. <strong>Hechas en Portugal<\/strong> a partir de una mezcla de 85% poliamida y 15% elastano, ofrecen <strong>comodidad y flexibilidad excepcionales<\/strong>.<\/p>\n<p class=\"translation-block\">Las mallas azules est\u00e1n acentuadas con vibrantes detalles en Columbia blue y cuentan con nuestra <strong>innovadora tecnolog\u00eda de agarre seguro<\/strong>, con puntos de agarre estrat\u00e9gicamente colocados en los puntos de contacto con la silla para mejorar el rendimiento y la comodidad del jinete. Las caracter\u00edsticas pr\u00e1cticas adicionales incluyen un bolsillo trasero con cremallera y un bolsillo lateral el\u00e1stico para almacenamiento seguro del tel\u00e9fono m\u00f3vil, asegurando funcionalidad sin comprometer el estilo.<\/p>\n<p>Perfectas para el entrenamiento y el uso regular, las Mallas Kuishi combinan un dise\u00f1o elegante con una funcionalidad superior, convirti\u00e9ndolas en una adici\u00f3n esencial al guardarropa de cualquier jinete.<\/p>\n<p class=\"translation-block\"><strong>Materiales<\/strong>: Poliamida 85% y elastano 15%. Producto hecho en Portugal.<\/p>\n<p class=\"translation-block\"><strong>Detalles de dise\u00f1o<\/strong>: Mallas azules con detalles en Columbia blue, confeccionadas con una mezcla duradera de poliamida y elastano para una comodidad y resistencia superiores. Con tecnolog\u00eda de agarre seguro con puntos de agarre en los puntos de contacto con la silla para mejorar el rendimiento del jinete. Incluyen un bolsillo trasero con cremallera y un bolsillo lateral el\u00e1stico para almacenamiento seguro del tel\u00e9fono m\u00f3vil, manteniendo el dise\u00f1o elegante y funcional. Nombradas \u201cKuishi,\u201d que significa \u201csupervivencia\u201d en swahili, estas mallas forman parte de nuestra colecci\u00f3n b\u00e1sica, dise\u00f1adas para un uso intenso y un mantenimiento f\u00e1cil.<\/p>\n<p class=\"translation-block\"><strong>Uso<\/strong>: Ideal para entrenamiento y uso intenso.<\/p>","protected":false},"excerpt":{"rendered":"<p>Descubre una durabilidad y comodidad incomparables con las Mallas Kuishi. Dise\u00f1adas para un uso intenso, estas mallas azules con detalles en Columbia blue cuentan con tecnolog\u00eda de agarre seguro y bolsillos pr\u00e1cticos, perfectas para montar a caballo. Hechas en Portugal.<\/p>","protected":false},"featured_media":1325,"comment_status":"open","ping_status":"closed","template":"","meta":{"_acf_changed":false,"_et_pb_use_builder":"","_et_pb_old_content":"","_et_gb_content_width":"","om_disable_all_campaigns":false,"_monsterinsights_skip_tracking":false,"_monsterinsights_sitenote_active":false,"_monsterinsights_sitenote_note":"","_monsterinsights_sitenote_category":0},"product_brand":[],"product_cat":[20,40,52,32],"product_tag":[],"class_list":{"0":"post-1320","1":"product","2":"type-product","3":"status-publish","4":"has-post-thumbnail","6":"product_cat-clothing","7":"product_cat-hackamour","8":"product_cat-leggings","9":"product_cat-woman","11":"first","12":"instock","13":"shipping-taxable","14":"purchasable","15":"product-type-variable"},"acf":[],"aioseo_notices":[],"_links":{"self":[{"href":"https:\/\/coudelaria.com\/es\/wp-json\/wp\/v2\/product\/1320","targetHints":{"allow":["GET"]}}],"collection":[{"href":"https:\/\/coudelaria.com\/es\/wp-json\/wp\/v2\/product"}],"about":[{"href":"https:\/\/coudelaria.com\/es\/wp-json\/wp\/v2\/types\/product"}],"replies":[{"embeddable":true,"href":"https:\/\/coudelaria.com\/es\/wp-json\/wp\/v2\/comments?post=1320"}],"wp:featuredmedia":[{"embeddable":true,"href":"https:\/\/coudelaria.com\/es\/wp-json\/wp\/v2\/media\/1325"}],"wp:attachment":[{"href":"https:\/\/coudelaria.com\/es\/wp-json\/wp\/v2\/media?parent=1320"}],"wp:term":[{"taxonomy":"product_brand","embeddable":true,"href":"https:\/\/coudelaria.com\/es\/wp-json\/wp\/v2\/product_brand?post=1320"},{"taxonomy":"product_cat","embeddable":true,"href":"https:\/\/coudelaria.com\/es\/wp-json\/wp\/v2\/product_cat?post=1320"},{"taxonomy":"product_tag","embeddable":true,"href":"https:\/\/coudelaria.com\/es\/wp-json\/wp\/v2\/product_tag?post=1320"}],"curies":[{"name":"wp","href":"https:\/\/api.w.org\/{rel}","templated":true}]}}