{"id":1308,"date":"2024-07-12T17:05:31","date_gmt":"2024-07-12T16:05:31","guid":{"rendered":"https:\/\/coudelaria.com\/?post_type=product&#038;p=1308"},"modified":"2026-04-02T18:54:49","modified_gmt":"2026-04-02T17:54:49","slug":"kuishi-leggings-blue-with-silver","status":"publish","type":"product","link":"https:\/\/coudelaria.com\/de\/product\/kuishi-leggings-blue-with-silver\/","title":{"rendered":"Kuishi Leggings - Blau mit Silber"},"content":{"rendered":"<p><strong>Wir pr\u00e4sentieren die Kuishi Leggings von Hackamour.<\/strong><\/p>\n<p class=\"translation-block\">Teil unserer Basiskollektion, die f\u00fcr intensiven Gebrauch und m\u00fchelose Pflege konzipiert ist. Benannt nach dem Swahili-Wort f\u00fcr \u201c\u00dcberleben,\u201d verk\u00f6rpern diese Leggings Haltbarkeit und Widerstandsf\u00e4higkeit. <strong>Hergestellt in Portugal<\/strong> aus einer Mischung von 85% Polyamid und 15% Elasthan, bieten sie <strong>au\u00dfergew\u00f6hnlichen Komfort und Flexibilit\u00e4t<\/strong>.<\/p>\n<p class=\"translation-block\">Die blauen Leggings sind mit eleganten silbernen Details akzentuiert und verf\u00fcgen \u00fcber unsere <strong>innovative sichere Grifftechnologie<\/strong>, mit Griffpunkten, die strategisch an den Sattelpunkten platziert sind, um die Leistung und den Komfort des Reiters zu verbessern. Weitere praktische Merkmale sind eine Ges\u00e4\u00dftasche mit Rei\u00dfverschluss und eine seitliche elastische Tasche zur sicheren Aufbewahrung des Handys, die Funktionalit\u00e4t bietet, ohne den Stil zu beeintr\u00e4chtigen.<\/p>\n<p>Perfekt f\u00fcr Training und den regelm\u00e4\u00dfigen Gebrauch, kombinieren die Kuishi Leggings ein schickes Design mit \u00fcberlegener Funktionalit\u00e4t und machen sie zu einer unverzichtbaren Erg\u00e4nzung f\u00fcr die Garderobe jedes Reiters.<\/p>\n<p class=\"translation-block\"><strong>Materialien<\/strong>: Polyamid 85% und Elasthan 15%. Produkt hergestellt in Portugal.<\/p>\n<p class=\"translation-block\"><strong>Design-Details<\/strong>: Blaue Leggings mit silbernen Details, gefertigt aus einer strapazierf\u00e4higen Mischung aus Polyamid und Elasthan f\u00fcr \u00fcberlegenen Komfort und Widerstandsf\u00e4higkeit. Mit sicherer Grifftechnologie und Griffpunkten an den Sattelpunkten zur Verbesserung der Reiterleistung. Enth\u00e4lt eine Ges\u00e4\u00dftasche mit Rei\u00dfverschluss und eine seitliche elastische Tasche zur sicheren Aufbewahrung des Handys, wodurch das schicke Design und die Funktionalit\u00e4t erhalten bleiben. Genannt \u201eKuishi\u201c, was auf Swahili \u201e\u00dcberleben\u201c bedeutet, geh\u00f6ren diese Leggings zu unserer Basiskollektion, die f\u00fcr intensiven Gebrauch und einfache Pflege entwickelt wurde.<\/p>\n<p class=\"translation-block\"><strong>Verwendung<\/strong>: Ideal f\u00fcr Training und intensiven Gebrauch.<\/p>","protected":false},"excerpt":{"rendered":"<p>Erleben Sie unvergleichliche Haltbarkeit und Komfort mit den Kuishi Leggings. F\u00fcr den intensiven Gebrauch konzipiert, verf\u00fcgen diese blauen Leggings mit silbernen Details \u00fcber sichere Grifftechnologie und praktische Taschen, perfekt zum Reiten. Hergestellt in Portugal.<\/p>","protected":false},"featured_media":1312,"comment_status":"open","ping_status":"closed","template":"","meta":{"_acf_changed":false,"_et_pb_use_builder":"","_et_pb_old_content":"","_et_gb_content_width":"","om_disable_all_campaigns":false,"_monsterinsights_skip_tracking":false,"_monsterinsights_sitenote_active":false,"_monsterinsights_sitenote_note":"","_monsterinsights_sitenote_category":0},"product_brand":[],"product_cat":[20,40,52,32],"product_tag":[],"class_list":{"0":"post-1308","1":"product","2":"type-product","3":"status-publish","4":"has-post-thumbnail","6":"product_cat-clothing","7":"product_cat-hackamour","8":"product_cat-leggings","9":"product_cat-woman","11":"first","12":"instock","13":"shipping-taxable","14":"purchasable","15":"product-type-variable"},"acf":[],"aioseo_notices":[],"_links":{"self":[{"href":"https:\/\/coudelaria.com\/de\/wp-json\/wp\/v2\/product\/1308","targetHints":{"allow":["GET"]}}],"collection":[{"href":"https:\/\/coudelaria.com\/de\/wp-json\/wp\/v2\/product"}],"about":[{"href":"https:\/\/coudelaria.com\/de\/wp-json\/wp\/v2\/types\/product"}],"replies":[{"embeddable":true,"href":"https:\/\/coudelaria.com\/de\/wp-json\/wp\/v2\/comments?post=1308"}],"wp:featuredmedia":[{"embeddable":true,"href":"https:\/\/coudelaria.com\/de\/wp-json\/wp\/v2\/media\/1312"}],"wp:attachment":[{"href":"https:\/\/coudelaria.com\/de\/wp-json\/wp\/v2\/media?parent=1308"}],"wp:term":[{"taxonomy":"product_brand","embeddable":true,"href":"https:\/\/coudelaria.com\/de\/wp-json\/wp\/v2\/product_brand?post=1308"},{"taxonomy":"product_cat","embeddable":true,"href":"https:\/\/coudelaria.com\/de\/wp-json\/wp\/v2\/product_cat?post=1308"},{"taxonomy":"product_tag","embeddable":true,"href":"https:\/\/coudelaria.com\/de\/wp-json\/wp\/v2\/product_tag?post=1308"}],"curies":[{"name":"wp","href":"https:\/\/api.w.org\/{rel}","templated":true}]}}